{"id":19769,"date":"2024-06-26T10:19:16","date_gmt":"2024-06-26T08:19:16","guid":{"rendered":"https:\/\/www.wale-systems.com\/privacy-policy\/"},"modified":"2024-12-12T15:50:17","modified_gmt":"2024-12-12T14:50:17","slug":"privacy-policy","status":"publish","type":"page","link":"https:\/\/www.wale-systems.com\/en\/privacy-policy\/","title":{"rendered":"Privacy Policy"},"content":{"rendered":"\t\t<div data-elementor-type=\"wp-page\" data-elementor-id=\"19769\" class=\"elementor elementor-19769 elementor-16480\" data-elementor-post-type=\"page\">\n\t\t\t\t<div class=\"elementor-element elementor-element-10ba06cd e-flex e-con-boxed e-con e-parent\" data-id=\"10ba06cd\" data-element_type=\"container\">\n\t\t\t\t\t<div class=\"e-con-inner\">\n\t\t\t\t<div class=\"elementor-element elementor-element-70117394 elementor-widget elementor-widget-heading\" data-id=\"70117394\" data-element_type=\"widget\" data-widget_type=\"heading.default\">\n\t\t\t\t<div class=\"elementor-widget-container\">\n\t\t\t\t\t<h2 class=\"elementor-heading-title elementor-size-default\">Privacy Policy only in GERMAN language<\/h2>\t\t\t\t<\/div>\n\t\t\t\t<\/div>\n\t\t\t\t<div class=\"elementor-element elementor-element-5c1c54ac elementor-widget elementor-widget-text-editor\" data-id=\"5c1c54ac\" data-element_type=\"widget\" data-widget_type=\"text-editor.default\">\n\t\t\t\t<div class=\"elementor-widget-container\">\n\t\t\t\t\t\t\t\t\t<p>ERKL\u00c4RUNG ZUM DATENSCHUTZ F\u00dcR WALE-Systems GmbH<\/p>\n<p><b>Datenschutzerkl\u00e4rung<\/b><br \/>Wir freuen uns \u00fcber Ihr Interesse an unserer Website. Der Schutz Ihrer Privatsph\u00e4re ist f\u00fcr uns sehr wichtig. Nachstehend informieren wir Sie ausf\u00fchrlich \u00fcber den Umgang mit Ihren Daten.<\/p>\n<p>Speicherung von Zugriffsdaten in Server-Logfiles<br \/>Sie k\u00f6nnen unsere Webseiten besuchen, ohne Angaben zu Ihrer Person zu machen. Wir speichern lediglich Zugriffsdaten in sogenannten Server-Logfiles, wie z.B. den Namen der angeforderten Datei, Datum und Uhrzeit des Abrufs, \u00fcbertragene Datenmenge und den anfragenden Provider. Diese Daten werden ausschlie\u00dflich zur Sicherstellung eines st\u00f6rungsfreien Betriebs der Seite und zur Verbesserung unseres Angebots ausgewertet und erlauben uns keinen R\u00fcckschluss auf Ihre Person.<\/p>\n<p><b>Verwendung von Cookies<\/b><br \/>Um den Besuch unserer Website attraktiv zu gestalten und die Nutzung bestimmter Funktionen zu erm\u00f6glichen, verwenden wir auf verschiedenen Seiten sogenannte Cookies. Hierbei handelt es sich um kleine Textdateien, die auf Ihrem Endger\u00e4t gespeichert werden. Einige der von uns verwendeten Cookies werden nach Ende der Browser-Sitzung, also nach Schlie\u00dfen Ihres Browsers, wieder gel\u00f6scht (sog. Sitzungs-Cookies). Andere Cookies verbleiben auf Ihrem Endger\u00e4t und erm\u00f6glichen uns, Ihren Browser beim n\u00e4chsten Besuch wiederzuerkennen (persistente Cookies). Sie k\u00f6nnen Ihren Browser so einstellen, dass Sie \u00fcber das Setzen von Cookies informiert werden und einzeln \u00fcber deren Annahme entscheiden oder die Annahme von Cookies f\u00fcr bestimmte F\u00e4lle oder generell ausschlie\u00dfen. Bei der Nichtannahme von Cookies kann die Funktionalit\u00e4t unserer Website eingeschr\u00e4nkt sein.<\/p>\n<p><b>Einsatz von Google (Universal) Analytics zur Webanalyse<\/b><br \/>Diese Website benutzt Google (Universal) Analytics, einen Webanalysedienst der Google Inc. (www.google.de). Google (Universal) Analytics verwendet Methoden, die eine Analyse der Benutzung der Website durch Sie erm\u00f6glichen, wie zum Beispiel sog. \u201eCookies\u201c, Textdateien, die auf Ihrem Computer gespeichert werden. Die erzeugten Informationen \u00fcber Ihre Benutzung dieser Website werden in der Regel an einen Server von Google in den USA \u00fcbertragen und dort gespeichert. Durch die Aktivierung der IP-Anonymisierung auf dieser Webseite wird dabei die IP-Adresse vor der \u00dcbermittlung innerhalb der Mitgliedstaaten der Europ\u00e4ischen Union oder in anderen Vertragsstaaten des Abkommens \u00fcber den Europ\u00e4ischen Wirtschaftsraum gek\u00fcrzt. Nur in Ausnahmef\u00e4llen wird die volle IP-Adresse an einen Server von Google in den USA \u00fcbertragen und dort gek\u00fcrzt. Die im Rahmen von Google Analytics von Ihrem Browser \u00fcbermittelte anonymisierte IP-Adresse wird nicht mit anderen Daten von Google zusammengef\u00fchrt.<\/p>\n<p>Sie k\u00f6nnen die Erfassung der durch das Cookie erzeugten und auf Ihre Nutzung der Website bezogenen Daten (inkl. Ihrer IP-Adresse) an Google sowie die Verarbeitung dieser Daten durch Google verhindern, indem Sie das unter dem folgenden Link verf\u00fcgbare Browser-Plugin herunterladen und installieren: http:\/\/tools.google.com\/dlpage\/gaoptout?hl=de<br \/>Alternativ zum Browser-Plugin k\u00f6nnen Sie diesen Link klicken, um die Erfassung durch Google Analytics auf dieser Website zuk\u00fcnftig zu verhindern. Dabei wird ein Opt-Out-Cookie auf Ihrem Endger\u00e4t abgelegt. L\u00f6schen Sie Ihre Cookies, m\u00fcssen Sie den Link erneut klicken.<\/p>\n<p><b>Verwendung von Facebook Plugins<br \/><\/b>Auf unserer Website werden sogenannte Social Plugins (\u201ePlugins\u201c) des sozialen Netzwerkes Facebook verwendet, das von der Facebook Inc., 1601 S. California Ave, Palo Alto, CA 94304, USA (\u201eFacebook\u201c) betrieben wird. Die Plugins sind mit einem Facebook-Logo oder dem Zusatz \u201eSoziales Plug-in von Facebook\u201c bzw. \u201eFacebook Social Plugin\u201c gekennzeichnet.<\/p>\n<p>Wenn Sie eine Seite unseres Webauftritts aufrufen, die ein solches Plugin enth\u00e4lt, stellt Ihr Browser eine direkte Verbindung zu den Servern von Facebook her. Der Inhalt des Plugins wird von Facebook direkt an Ihren Browser \u00fcbermittelt und in die Seite eingebunden. Durch diese Einbindung erh\u00e4lt Facebook die Information, dass Ihr Browser die entsprechende Seite unseres Webauftritts aufgerufen hat, auch wenn Sie kein Facebook-Profil besitzen oder gerade nicht bei Facebook eingeloggt sind. Diese Information (einschlie\u00dflich Ihrer IP-Adresse) wird von Ihrem Browser direkt an einen Server von Facebook in die USA \u00fcbermittelt und dort gespeichert.<\/p>\n<p>Sind Sie bei Facebook eingeloggt, kann Facebook den Besuch unserer Website Ihrem Facebook-Profil unmittelbar zuordnen. Wenn Sie mit den Plugins interagieren, zum Beispiel den \u201eGef\u00e4llt mir\u201c-Button bet\u00e4tigen oder einen Kommentar abgeben, wird diese Information ebenfalls direkt an einen Server von Facebook \u00fcbermittelt und dort gespeichert. Die Informationen werden au\u00dferdem auf Ihrem Facebook-Profil ver\u00f6ffentlicht und Ihren Facebook-Freunden angezeigt.<\/p>\n<p>Zweck und Umfang der Datenerhebung und die weitere Verarbeitung und Nutzung der Daten durch Facebook sowie Ihre diesbez\u00fcglichen Rechte und Einstellungsm\u00f6glichkeiten zum Schutz Ihrer Privatsph\u00e4re entnehmen Sie bitte den Datenschutzhinweisen von Facebook: http:\/\/www.facebook.com\/policy.php<\/p>\n<p>Wenn Sie nicht m\u00f6chten, dass Facebook die \u00fcber unseren Webauftritt gesammelten Daten unmittelbar Ihrem Facebook-Profil zuordnet, m\u00fcssen Sie sich vor Ihrem Besuch unserer Website bei Facebook ausloggen. Sie k\u00f6nnen das Laden der Facebook Plugins auch mit Add-Ons f\u00fcr Ihren Browser komplett verhindern, z.B. mit einem \u201eFacebook Blocker\u201c oder Skript-Blocker.<\/p>\n<p><b>Verwendung von Google+ Plugins (z.B. \u201e+1\u201c-Button)<br \/><\/b>Auf unserer Website werden sogenannte Social Plugins (\u201ePlugins\u201c) des sozialen Netzwerkes Google+ verwendet, das von der Google Inc., 1600 Amphitheatre Parkway, Mountain View, CA 94043, USA (\u201eGoogle\u201c) betrieben wird. Die Plugins sind z. B. an Buttons mit dem Zeichen \u201e+1\u201c auf wei\u00dfem oder farbigem Hintergrund erkennbar.<br \/>Wenn Sie eine Seite unseres Webauftritts aufrufen, die ein solches Plugin enth\u00e4lt, stellt Ihr Browser eine direkte Verbindung zu den Servern von Google her. Der Inhalt des Plugins wird von Google direkt an Ihren Browser \u00fcbermittelt und in die Seite eingebunden. Durch die Einbindung erh\u00e4lt Google die Information, dass Ihr Browser die entsprechende Seite unseres Webauftritts aufgerufen hat, auch wenn Sie kein Profil bei Google+ besitzen oder gerade nicht bei Google+ eingeloggt sind. Diese Information (einschlie\u00dflich Ihrer IP-Adresse) wird von Ihrem Browser direkt an einen Server von Google in die USA \u00fcbermittelt und dort gespeichert.<\/p>\n<p>Sind Sie bei Google+ eingeloggt, kann Google den Besuch unserer Website Ihrem Google+ Profil unmittelbar zuordnen. Wenn Sie mit den Plugins interagieren, zum Beispiel den \u201e+1\u201c-Button bet\u00e4tigen, wird die entsprechende Information ebenfalls direkt an einen Server von Google \u00fcbermittelt und dort gespeichert. Die Informationen werden au\u00dferdem auf Google+ ver\u00f6ffentlicht und dort Ihren Kontakten angezeigt.<\/p>\n<p>Zweck und Umfang der Datenerhebung und die weitere Verarbeitung und Nutzung der Daten durch Google sowie Ihre diesbez\u00fcglichen Rechte und Einstellungsm\u00f6glichkeiten zum Schutz Ihrer Privatsph\u00e4re entnehmen Sie bitte den Datenschutzhinweisen von Google: http:\/\/www.google.com\/intl\/de\/+\/policy\/+1button.html<\/p>\n<p>Wenn Sie nicht m\u00f6chten, dass Google die \u00fcber unseren Webauftritt gesammelten Daten unmittelbar Ihrem Profil auf Google+ zuordnet, m\u00fcssen Sie sich vor Ihrem Besuch unserer Website bei Google+ ausloggen. Sie k\u00f6nnen das Laden der Google Plugins auch mit Add-Ons f\u00fcr Ihren Browser komplett verhindern, z. B. mit einem Skript-Blocker.<\/p>\n<p><b>Youtube Video Plugins<br \/><\/b>Auf dieser Webseite werden Inhalte dritter Anbieter eingebunden. Diese Inhalte werden von Google Inc zur Verf\u00fcgung gestellt (\u201eAnbieter\u201c).<br \/>Youtube wird betrieben von der Google Inc., 1600 Amphitheatre Parkway, Mountain View, CA 94043, USA (\u201eGoogle\u201c).<\/p>\n<p>Bei Videos von Youtube, die auf unserer Seite eingebunden sind, ist die erweiterte Datenschutzeinstellung aktiviert. Das bedeutet, dass keine Informationen von Webseitenbesuchern bei Youtube erhoben und gespeichert werden, es sei denn, diese spielen das Video ab.<br \/>Zweck und Umfang der Datenerhebung und die weitere Verarbeitung und Nutzung der Daten durch die Anbieter sowie Ihre diesbez\u00fcglichen Rechte und Einstellungsm\u00f6glichkeiten zum Schutz Ihrer Privatsph\u00e4re entnehmen Sie bitte den Datenschutzhinweise von Google http:\/\/www.google.com\/intl\/de\/+\/policy\/+1button.html.<\/p>\n<p><b>Recht auf Widerruf<\/b><br \/>Wenn Sie uns personenbezogene Daten \u00fcberlassen haben, k\u00f6nnen Sie diese jederzeit im Benutzerprofil wieder \u00e4ndern und l\u00f6schen. F\u00fcr eine vollst\u00e4ndige L\u00f6schung des Accounts bitte an den Webmaster wenden. Bis zu diesem Zeitpunkt erfolgte Beitr\u00e4ge in Foren, Kommentaren, Terminank\u00fcndigungen und Artikeln bleiben allerdings unter Umst\u00e4nden erhalten \u2013 Informationen dazu auch bei den allgemeinen Nutzungsbedingungen.<\/p>\n<p><b>Links zu anderen Websites<\/b><br \/>Unser Online-Angebot enth\u00e4lt Links zu anderen Websites. Wir haben keinen Einfluss darauf, dass deren Betreiber die Datenschutzbestimmungen einhalten.<\/p>\n<p><b>Beitr\u00e4ge<\/b><br \/>Die Beitr\u00e4ge auf unserer Seite sind f\u00fcr jeden zug\u00e4nglich. Beitr\u00e4ge sollten vor der Ver\u00f6ffentlichung sorgf\u00e4ltig darauf \u00fcberpr\u00fcft werden, ob sie Angaben enthalten, die nicht f\u00fcr die \u00d6ffentlichkeit bestimmt sind. Die Beitr\u00e4ge werden m\u00f6glicherweise in Suchmaschinen erfasst und auch ohne gezielten Aufruf dieser Website weltweit zugreifbar.<br \/>Fragen und Kommentare<br \/>Bei Fragen und f\u00fcr Anregungen und Kommentare zum Thema Datenschutz bitte per Mail an den Webmaster von WALE-Systems GmbH wenden.<\/p>\n<p><b>Kinder<\/b><br \/>Personen unter 18 Jahren sollten ohne Zustimmung der Eltern oder Erziehungsberechtigten keine personenbezogenen Daten an uns \u00fcbermitteln. Wir fordern keine personenbezogenen Daten von Kindern an, sammeln diese nicht und geben sie nicht an Dritte weiter.<\/p>\n<p><b>Auskunftsrecht und Kontaktm\u00f6glichkeit<\/b><br \/>Sie haben ein Recht auf unentgeltliche Auskunft \u00fcber die bei uns zu Ihrer Person gespeicherten Daten sowie ggf. ein Recht auf Berichtigung, Sperrung oder L\u00f6schung dieser Daten. Bei Fragen zur Erhebung, Verarbeitung oder Nutzung Ihrer personenbezogenen Daten, bei Ausk\u00fcnften, Berichtigung, Sperrung oder L\u00f6schung von Daten sowie Widerruf erteilter Einwilligungen oder Widerspruch gegen eine bestimmte Datenverwendung wenden Sie sich bitte direkt an uns \u00fcber die Kontaktdaten in unserem Impressum. Datenschutzerkl\u00e4rung erstellt mit dem Trusted Shops Rechtstexter in Kooperation mit Wilde Beuger Solmecke Rechtsanw\u00e4lte.<\/p>\n\t\t\t\t\t\t\t\t<\/div>\n\t\t\t\t<\/div>\n\t\t\t\t\t<\/div>\n\t\t\t\t<\/div>\n\t\t\t\t<\/div>\n\t\t","protected":false},"excerpt":{"rendered":"<p>Privacy Policy only in GERMAN language ERKL\u00c4RUNG ZUM DATENSCHUTZ F\u00dcR WALE-Systems GmbH Datenschutzerkl\u00e4rungWir freuen uns \u00fcber Ihr Interesse an unserer Website. Der Schutz Ihrer Privatsph\u00e4re ist f\u00fcr uns sehr wichtig. Nachstehend informieren wir Sie ausf\u00fchrlich \u00fcber den Umgang mit Ihren Daten. Speicherung von Zugriffsdaten in Server-LogfilesSie k\u00f6nnen unsere Webseiten besuchen, ohne Angaben zu Ihrer Person [&hellip;]<\/p>\n","protected":false},"author":1,"featured_media":0,"parent":0,"menu_order":0,"comment_status":"closed","ping_status":"closed","template":"","meta":{"footnotes":""},"class_list":["post-19769","page","type-page","status-publish","hentry"],"_links":{"self":[{"href":"https:\/\/www.wale-systems.com\/en\/wp-json\/wp\/v2\/pages\/19769","targetHints":{"allow":["GET"]}}],"collection":[{"href":"https:\/\/www.wale-systems.com\/en\/wp-json\/wp\/v2\/pages"}],"about":[{"href":"https:\/\/www.wale-systems.com\/en\/wp-json\/wp\/v2\/types\/page"}],"author":[{"embeddable":true,"href":"https:\/\/www.wale-systems.com\/en\/wp-json\/wp\/v2\/users\/1"}],"replies":[{"embeddable":true,"href":"https:\/\/www.wale-systems.com\/en\/wp-json\/wp\/v2\/comments?post=19769"}],"version-history":[{"count":3,"href":"https:\/\/www.wale-systems.com\/en\/wp-json\/wp\/v2\/pages\/19769\/revisions"}],"predecessor-version":[{"id":19962,"href":"https:\/\/www.wale-systems.com\/en\/wp-json\/wp\/v2\/pages\/19769\/revisions\/19962"}],"wp:attachment":[{"href":"https:\/\/www.wale-systems.com\/en\/wp-json\/wp\/v2\/media?parent=19769"}],"curies":[{"name":"wp","href":"https:\/\/api.w.org\/{rel}","templated":true}]}}